{"id":4308,"date":"2018-10-10T17:49:18","date_gmt":"2018-10-10T15:49:18","guid":{"rendered":"http:\/\/www.cleartrade.fr\/?page_id=4308"},"modified":"2023-03-13T15:06:01","modified_gmt":"2023-03-13T14:06:01","slug":"onsappelle","status":"publish","type":"page","link":"https:\/\/www.cleartrade2.fr\/web\/onsappelle\/","title":{"rendered":"Contact"},"content":{"rendered":"<div data-colibri-id=\"4308-c1\" class=\"style-519 style-local-4308-c1 position-relative\">\n  <!---->\n  <div data-colibri-component=\"section\" data-colibri-id=\"4308-c2\" id=\"initial-content\" class=\"h-section h-section-global-spacing d-flex align-items-lg-center align-items-md-center align-items-center style-520 style-local-4308-c2 position-relative\">\n    <!---->\n    <!---->\n    <div class=\"h-section-grid-container h-section-boxed-container\">\n      <!---->\n      <div data-colibri-id=\"4308-c3\" class=\"h-row-container gutters-row-lg-2 gutters-row-md-2 gutters-row-0 gutters-row-v-lg-2 gutters-row-v-md-2 gutters-row-v-2 style-1835 style-local-4308-c3 position-relative\">\n        <!---->\n        <div class=\"h-row justify-content-lg-center justify-content-md-center justify-content-center align-items-lg-stretch align-items-md-stretch align-items-stretch gutters-col-lg-2 gutters-col-md-2 gutters-col-0 gutters-col-v-lg-2 gutters-col-v-md-2 gutters-col-v-2\">\n          <!---->\n          <div class=\"h-column h-column-container d-flex h-col-lg-auto h-col-md-auto h-col-auto style-1836-outer style-local-4308-c4-outer\">\n            <div data-colibri-id=\"4308-c4\" class=\"d-flex h-flex-basis h-column__inner h-px-lg-2 h-px-md-2 h-px-2 v-inner-lg-2 v-inner-md-2 v-inner-2 style-1836 style-local-4308-c4 position-relative\">\n              <!---->\n              <!---->\n              <div class=\"w-100 h-y-container h-column__content h-column__v-align flex-basis-100 align-self-lg-start align-self-md-start align-self-start\">\n                <!---->\n                <div data-colibri-id=\"4308-c5\" class=\"h-global-transition-all h-heading style-1837 style-local-4308-c5 position-relative h-element\">\n                  <!---->\n                  <div class=\"h-heading__outer style-1837 style-local-4308-c5\">\n                    <!---->\n                    <!---->\n                    <h1 class=\"\"><strong style=\"font-weight: 700;\">Contact<\/strong><\/h1>\n                  <\/div>\n                <\/div>\n              <\/div>\n            <\/div>\n          <\/div>\n        <\/div>\n      <\/div>\n      <div data-colibri-id=\"4308-c6\" class=\"h-row-container gutters-row-lg-2 gutters-row-md-2 gutters-row-0 gutters-row-v-lg-2 gutters-row-v-md-2 gutters-row-v-2 style-524 style-local-4308-c6 position-relative\">\n        <!---->\n        <div class=\"h-row justify-content-lg-center justify-content-md-center justify-content-center align-items-lg-stretch align-items-md-stretch align-items-stretch gutters-col-lg-2 gutters-col-md-2 gutters-col-0 gutters-col-v-lg-2 gutters-col-v-md-2 gutters-col-v-2\">\n          <!---->\n          <div class=\"h-column h-column-container d-flex h-col-lg-auto h-col-md-auto h-col-auto style-525-outer style-local-4308-c7-outer\">\n            <div data-colibri-id=\"4308-c7\" class=\"d-flex h-flex-basis h-column__inner h-px-lg-2 h-px-md-2 h-px-2 v-inner-lg-2 v-inner-md-2 v-inner-2 style-525 style-local-4308-c7 position-relative\">\n              <!---->\n              <!---->\n              <div class=\"w-100 h-y-container h-column__content h-column__v-align flex-basis-100 align-self-lg-start align-self-md-start align-self-start\">\n                <!---->\n                <div data-colibri-id=\"4308-c8\" class=\"h-global-transition-all h-heading style-526 style-local-4308-c8 position-relative h-element\">\n                  <!---->\n                  <div class=\"h-heading__outer style-526 style-local-4308-c8\">\n                    <!---->\n                    <!---->\n                    <h2 class=\"\">Dites-nous ce que dont vous avez besoin <span data-animation-duration=\"1\" data-type-animation=\"rotate-2\" data-colibri-component=\"fancy-title\"><span class=\"ah-headline rotate-2\"><span style=\"position: relative\" class=\"ah-words-wrapper\"><b class=\"is-visible\">aujourd&rsquo;hui.<\/b><b>demain.<\/b><b>tout&nbsp;de&nbsp;suite&nbsp;!<\/b><b>un&nbsp;jour&#8230;<\/b><b>pour&nbsp;hier&nbsp;!!!<\/b><\/span><\/span>\n                      <\/span>\n                    <\/h2>\n                  <\/div>\n                <\/div>\n              <\/div>\n            <\/div>\n          <\/div>\n        <\/div>\n      <\/div>\n      <div data-colibri-id=\"4308-c9\" class=\"h-row-container gutters-row-lg-2 gutters-row-md-2 gutters-row-0 gutters-row-v-lg-2 gutters-row-v-md-2 gutters-row-v-2 style-529 style-local-4308-c9 position-relative\">\n        <!---->\n        <div class=\"h-row justify-content-lg-center justify-content-md-center justify-content-center align-items-lg-stretch align-items-md-stretch align-items-stretch gutters-col-lg-2 gutters-col-md-2 gutters-col-0 gutters-col-v-lg-2 gutters-col-v-md-2 gutters-col-v-2\">\n          <!---->\n          <div class=\"h-column h-column-container d-flex h-col-lg-auto h-col-md-auto h-col-auto style-530-outer style-local-4308-c10-outer\">\n            <div data-colibri-id=\"4308-c10\" class=\"d-flex h-flex-basis h-column__inner h-px-lg-2 h-px-md-2 h-px-2 v-inner-lg-2 v-inner-md-2 v-inner-2 style-530 style-local-4308-c10 position-relative\">\n              <!---->\n              <!---->\n              <div class=\"w-100 h-y-container h-column__content h-column__v-align flex-basis-100 align-self-lg-start align-self-md-start align-self-start\">\n                <!---->\n                <div data-colibri-id=\"4308-c11\" class=\"h-text h-text-component style-1925 style-local-4308-c11 position-relative h-element\">\n                  <!---->\n                  <!---->\n                  <div class=\"\">\n                    <h4><span style=\"font-weight: 800;\">C&rsquo;est \u00e0 vous apr\u00e8s le bip !<\/span><\/h4>\n                  <\/div>\n                <\/div>\n                <div data-colibri-id=\"4308-c12\" class=\"style-1924 style-local-4308-c12 position-relative h-element\">\n                  <!---->\n                  <div class=\"\"><div class=\"forminator-ui forminator-custom-form forminator-custom-form-6030 forminator-design--material  forminator_ajax\" data-forminator-render=\"0\" data-form=\"forminator-module-6030\" data-uid=\"69f206802cb85\"><br\/><\/div><form\n\t\t\t\tid=\"forminator-module-6030\"\n\t\t\t\tclass=\"forminator-ui forminator-custom-form forminator-custom-form-6030 forminator-design--material  forminator_ajax\"\n\t\t\t\tmethod=\"post\"\n\t\t\t\tdata-forminator-render=\"0\"\n\t\t\t\tdata-form-id=\"6030\"\n\t\t\t\t\n\t\t\t\tdata-design=\"material\"\n\t\t\t\t\n\t\t\t\t\n\t\t\t\t\n\t\t\t\tdata-grid=\"open\"\n\t\t\t\t\n\t\t\t\t\n\t\t\t\tstyle=\"display: none;\"\n\t\t\t\t\n\t\t\t\tdata-uid=\"69f206802cb85\"\n\t\t\t><div role=\"alert\" aria-live=\"polite\" class=\"forminator-response-message forminator-error\" aria-hidden=\"true\"><\/div><div class=\"forminator-row\"><div id=\"text-1\" class=\"forminator-field-text forminator-col forminator-col-12 \"><div class=\"forminator-field\"><label for=\"forminator-field-text-1_69f206802cb85\" class=\"forminator-label\" id=\"forminator-field-text-1_69f206802cb85-label\">Votre nom <span class=\"forminator-required\">*<\/span><\/label><input type=\"text\" name=\"text-1\" value=\"\" placeholder=\"\" id=\"forminator-field-text-1_69f206802cb85\" class=\"forminator-input forminator-name--field\" data-required=\"1\" \/><\/div><\/div><\/div><div class=\"forminator-row\"><div id=\"email-1\" class=\"forminator-field-email forminator-col forminator-col-12 \"><div class=\"forminator-field\"><label for=\"forminator-field-email-1_69f206802cb85\" class=\"forminator-label\" id=\"forminator-field-email-1_69f206802cb85-label\">Votre e-mail <span class=\"forminator-required\">*<\/span><\/label><input type=\"email\" name=\"email-1\" value=\"\" placeholder=\"\" id=\"forminator-field-email-1_69f206802cb85\" class=\"forminator-input forminator-email--field\" data-required=\"1\" aria-required=\"true\" \/><\/div><\/div><\/div><div class=\"forminator-row\"><div id=\"text-2\" class=\"forminator-field-text forminator-col forminator-col-12 \"><div class=\"forminator-field\"><label for=\"forminator-field-text-2_69f206802cb85\" class=\"forminator-label\" id=\"forminator-field-text-2_69f206802cb85-label\">Objet<\/label><input type=\"text\" name=\"text-2\" value=\"\" placeholder=\"\" id=\"forminator-field-text-2_69f206802cb85\" class=\"forminator-input forminator-name--field\" data-required=\"\" \/><\/div><\/div><\/div><div class=\"forminator-row\"><div id=\"textarea-1\" class=\"forminator-field-textarea forminator-col forminator-col-12 \"><div class=\"forminator-field\"><label for=\"forminator-field-textarea-1_69f206802cb85\" id=\"forminator-field-textarea-1_69f206802cb85-label\" class=\"forminator-label\">Votre message :<\/label><textarea name=\"textarea-1\" placeholder=\"\" id=\"forminator-field-textarea-1_69f206802cb85\" class=\"forminator-textarea\" rows=\"6\" style=\"min-height:140px;\" ><\/textarea><\/div><\/div><\/div><div class=\"forminator-row forminator-hidden\"><input type=\"hidden\" id=\"hidden-1_69f206802cb85\" name=\"hidden-1\" value=\"216.73.217.36\" \/><\/div><div class=\"forminator-row\"><div id=\"captcha-1\" class=\"forminator-field-captcha forminator-col forminator-col-12 \"><div class=\"forminator-g-recaptcha recaptcha-invisible\" data-theme=\"light\" data-badge=\"bottomright\" data-sitekey=\"6Left9AeAAAAALb5F2HyfQ1sfP68U1RHAnhI-cbx\" data-size=\"invisible\"><\/div> <\/div><\/div><input type=\"hidden\" name=\"referer_url\" value=\"\" \/><div class=\"forminator-row forminator-row-last\"><div class=\"forminator-col\"><div class=\"forminator-field\"><button class=\"forminator-button forminator-button-submit\"><span>Envoyer<\/span><span aria-hidden=\"true\"><\/span><\/button><\/div><\/div><\/div><input type=\"hidden\" id=\"forminator_nonce\" name=\"forminator_nonce\" value=\"0b94f33a68\" \/><input type=\"hidden\" name=\"_wp_http_referer\" value=\"\/web\/wp-json\/wp\/v2\/pages\/4308\" \/><input type=\"hidden\" name=\"form_id\" value=\"6030\"><input type=\"hidden\" name=\"page_id\" value=\"4308\"><input type=\"hidden\" name=\"form_type\" value=\"default\"><input type=\"hidden\" name=\"current_url\" value=\"https:\/\/www.cleartrade2.fr\/web\/onsappelle\/\"><input type=\"hidden\" name=\"render_id\" value=\"0\"><input type=\"hidden\" name=\"action\" value=\"forminator_submit_form_custom-forms\"><\/form><\/div>\n                <\/div>\n              <\/div>\n            <\/div>\n          <\/div>\n          <div class=\"h-column h-column-container d-flex h-col-lg-auto h-col-md-auto h-col-auto style-531-outer style-local-4308-c13-outer\">\n            <div data-colibri-id=\"4308-c13\" class=\"d-flex h-flex-basis h-column__inner h-px-lg-2 h-px-md-2 h-px-2 v-inner-lg-2 v-inner-md-2 v-inner-2 style-531 style-local-4308-c13 position-relative\">\n              <!---->\n              <!---->\n              <div class=\"w-100 h-y-container h-column__content h-column__v-align flex-basis-100 align-self-lg-start align-self-md-start align-self-start\">\n                <!---->\n                <div data-colibri-id=\"4308-c14\" class=\"h-global-transition-all h-heading style-532 style-local-4308-c14 position-relative h-element\">\n                  <!---->\n                  <div class=\"h-heading__outer style-532 style-local-4308-c14\">\n                    <!---->\n                    <!---->\n                    <h3 class=\"\">Nous, c&rsquo;est\n                      <br>la team Cleartrade.<\/h3>\n                  <\/div>\n                <\/div>\n                <div data-colibri-id=\"4308-c15\" class=\"h-text h-text-component style-535 style-local-4308-c15 position-relative h-element\">\n                  <!---->\n                  <!---->\n                  <div class=\"\">\n                    <p>\n                      <br>\n                    <\/p>\n                    <p>Nous sommes situ\u00e9s au\n                      <br>6 Rue Ang\u00e8le Bettini del Rio,\n                      <br>31240 L&rsquo;Union<\/p>\n                    <p>Vous pouvez nous joindre au 09 53 25 29 53<\/p>\n                    <p>ou encore avec cette adresse-mail : contact@cleartrade.fr<\/p>\n                    <p>\n                      <br>\n                    <\/p>\n                  <\/div>\n                <\/div>\n                <div data-colibri-id=\"4308-c16\" class=\"d-block style-540 style-local-4308-c16 position-relative h-element\">\n                  <!---->\n                  <div class=\"h-image__frame-container-outer\">\n                    <div class=\"h-image__frame-container\">\n                      <!---->\n                      <!---->\n                      <img decoding=\"async\" src=\"https:\/\/www.cleartrade2.fr\/web\/wp-content\/uploads\/2022\/09\/cropped-NEW_LOGO_CLEARTRADE_2-300x218.png\" class=\"style-540-image style-local-4308-c16-image\">\n                      <div class=\"h-image__frame h-hide-lg h-hide-md h-hide-sm style-540-frameImage style-local-4308-c16-frameImage\"><\/div>\n                    <\/div>\n                  <\/div>\n                <\/div>\n              <\/div>\n            <\/div>\n          <\/div>\n        <\/div>\n      <\/div>\n      <div data-colibri-id=\"4308-c17\" class=\"h-row-container gutters-row-lg-2 gutters-row-md-2 gutters-row-0 gutters-row-v-lg-2 gutters-row-v-md-2 gutters-row-v-2 style-819 style-local-4308-c17 position-relative\">\n        <!---->\n        <div class=\"h-row justify-content-lg-center justify-content-md-center justify-content-center align-items-lg-stretch align-items-md-stretch align-items-stretch gutters-col-lg-2 gutters-col-md-2 gutters-col-0 gutters-col-v-lg-2 gutters-col-v-md-2 gutters-col-v-2\">\n          <!---->\n          <div class=\"h-column h-column-container d-flex h-col-lg-auto h-col-md-auto h-col-auto style-820-outer style-local-4308-c18-outer\">\n            <div data-colibri-id=\"4308-c18\" class=\"d-flex h-flex-basis h-column__inner h-ui-empty-state-container h-px-lg-2 h-px-md-2 h-px-2 v-inner-lg-2 v-inner-md-2 v-inner-2 style-820 style-local-4308-c18 position-relative\">\n              <!---->\n              <!---->\n              <div class=\"w-100 h-y-container h-column__content h-column__v-align flex-basis-100\">\n                <!---->\n              <\/div>\n            <\/div>\n          <\/div>\n        <\/div>\n      <\/div>\n    <\/div>\n  <\/div>\n<\/div>","protected":false},"excerpt":{"rendered":"<p>Contact Dites-nous ce que dont vous avez besoin aujourd&rsquo;hui.demain.tout&nbsp;de&nbsp;suite&nbsp;!un&nbsp;jour&#8230;pour&nbsp;hier&nbsp;!!! C&rsquo;est \u00e0 vous apr\u00e8s le bip ! Nous, c&rsquo;est la team Cleartrade. Nous sommes situ\u00e9s au 6 Rue Ang\u00e8le Bettini del Rio, 31240 L&rsquo;Union Vous pouvez nous joindre au 09 53 25 29 53 ou encore avec cette adresse-mail : contact@cleartrade.fr<\/p>\n","protected":false},"author":1,"featured_media":0,"parent":0,"menu_order":0,"comment_status":"closed","ping_status":"closed","template":"page-templates\/full-width-page.php","meta":{"content-type":""},"yoast_head":"<!-- This site is optimized with the Yoast SEO plugin v21.8.1 - https:\/\/yoast.com\/wordpress\/plugins\/seo\/ -->\n<title>Contact - Agence Cleartrade<\/title>\n<meta name=\"robots\" content=\"index, follow, max-snippet:-1, max-image-preview:large, max-video-preview:-1\" \/>\n<link rel=\"canonical\" href=\"https:\/\/www.cleartrade2.fr\/web\/onsappelle\/\" \/>\n<meta property=\"og:locale\" content=\"fr_FR\" \/>\n<meta property=\"og:type\" content=\"article\" \/>\n<meta property=\"og:title\" content=\"Contact - Agence Cleartrade\" \/>\n<meta property=\"og:description\" content=\"Contact Dites-nous ce que dont vous avez besoin aujourd&rsquo;hui.demain.tout&nbsp;de&nbsp;suite&nbsp;!un&nbsp;jour&#8230;pour&nbsp;hier&nbsp;!!! C&rsquo;est \u00e0 vous apr\u00e8s le bip ! Nous, c&rsquo;est la team Cleartrade. Nous sommes situ\u00e9s au 6 Rue Ang\u00e8le Bettini del Rio, 31240 L&rsquo;Union Vous pouvez nous joindre au 09 53 25 29 53 ou encore avec cette adresse-mail : contact@cleartrade.fr\" \/>\n<meta property=\"og:url\" content=\"https:\/\/www.cleartrade2.fr\/web\/onsappelle\/\" \/>\n<meta property=\"og:site_name\" content=\"Agence Cleartrade\" \/>\n<meta property=\"article:publisher\" content=\"https:\/\/www.facebook.com\/agencecleartrade\" \/>\n<meta property=\"article:modified_time\" content=\"2023-03-13T14:06:01+00:00\" \/>\n<meta property=\"og:image\" content=\"https:\/\/www.cleartrade2.fr\/web\/wp-content\/uploads\/2022\/09\/cropped-NEW_LOGO_CLEARTRADE_2-300x218.png\" \/>\n<meta name=\"twitter:card\" content=\"summary_large_image\" \/>\n<meta name=\"twitter:label1\" content=\"Dur\u00e9e de lecture estim\u00e9e\" \/>\n\t<meta name=\"twitter:data1\" content=\"1 minute\" \/>\n<script type=\"application\/ld+json\" class=\"yoast-schema-graph\">{\"@context\":\"https:\/\/schema.org\",\"@graph\":[{\"@type\":\"WebPage\",\"@id\":\"https:\/\/www.cleartrade2.fr\/web\/onsappelle\/\",\"url\":\"https:\/\/www.cleartrade2.fr\/web\/onsappelle\/\",\"name\":\"Contact - Agence Cleartrade\",\"isPartOf\":{\"@id\":\"https:\/\/www.cleartrade2.fr\/web\/#website\"},\"datePublished\":\"2018-10-10T15:49:18+00:00\",\"dateModified\":\"2023-03-13T14:06:01+00:00\",\"breadcrumb\":{\"@id\":\"https:\/\/www.cleartrade2.fr\/web\/onsappelle\/#breadcrumb\"},\"inLanguage\":\"fr-FR\",\"potentialAction\":[{\"@type\":\"ReadAction\",\"target\":[\"https:\/\/www.cleartrade2.fr\/web\/onsappelle\/\"]}]},{\"@type\":\"BreadcrumbList\",\"@id\":\"https:\/\/www.cleartrade2.fr\/web\/onsappelle\/#breadcrumb\",\"itemListElement\":[{\"@type\":\"ListItem\",\"position\":1,\"name\":\"Accueil\",\"item\":\"https:\/\/www.cleartrade2.fr\/web\/\"},{\"@type\":\"ListItem\",\"position\":2,\"name\":\"Contact\"}]},{\"@type\":\"WebSite\",\"@id\":\"https:\/\/www.cleartrade2.fr\/web\/#website\",\"url\":\"https:\/\/www.cleartrade2.fr\/web\/\",\"name\":\"Agence Cleartrade\",\"description\":\"Solutions Marketing\",\"publisher\":{\"@id\":\"https:\/\/www.cleartrade2.fr\/web\/#organization\"},\"potentialAction\":[{\"@type\":\"SearchAction\",\"target\":{\"@type\":\"EntryPoint\",\"urlTemplate\":\"https:\/\/www.cleartrade2.fr\/web\/?s={search_term_string}\"},\"query-input\":\"required name=search_term_string\"}],\"inLanguage\":\"fr-FR\"},{\"@type\":\"Organization\",\"@id\":\"https:\/\/www.cleartrade2.fr\/web\/#organization\",\"name\":\"Agence Cleartrade\",\"url\":\"https:\/\/www.cleartrade2.fr\/web\/\",\"logo\":{\"@type\":\"ImageObject\",\"inLanguage\":\"fr-FR\",\"@id\":\"https:\/\/www.cleartrade2.fr\/web\/#\/schema\/logo\/image\/\",\"url\":\"https:\/\/www.cleartrade2.fr\/web\/wp-content\/uploads\/2022\/09\/cropped-NEW_LOGO_CLEARTRADE_Plan-de-travail-1-1.png\",\"contentUrl\":\"https:\/\/www.cleartrade2.fr\/web\/wp-content\/uploads\/2022\/09\/cropped-NEW_LOGO_CLEARTRADE_Plan-de-travail-1-1.png\",\"width\":4492,\"height\":1376,\"caption\":\"Agence Cleartrade\"},\"image\":{\"@id\":\"https:\/\/www.cleartrade2.fr\/web\/#\/schema\/logo\/image\/\"},\"sameAs\":[\"https:\/\/www.facebook.com\/agencecleartrade\",\"https:\/\/www.linkedin.com\/company\/cleartrade\"]}]}<\/script>\n<!-- \/ Yoast SEO plugin. -->","yoast_head_json":{"title":"Contact - Agence Cleartrade","robots":{"index":"index","follow":"follow","max-snippet":"max-snippet:-1","max-image-preview":"max-image-preview:large","max-video-preview":"max-video-preview:-1"},"canonical":"https:\/\/www.cleartrade2.fr\/web\/onsappelle\/","og_locale":"fr_FR","og_type":"article","og_title":"Contact - Agence Cleartrade","og_description":"Contact Dites-nous ce que dont vous avez besoin aujourd&rsquo;hui.demain.tout&nbsp;de&nbsp;suite&nbsp;!un&nbsp;jour&#8230;pour&nbsp;hier&nbsp;!!! C&rsquo;est \u00e0 vous apr\u00e8s le bip ! Nous, c&rsquo;est la team Cleartrade. Nous sommes situ\u00e9s au 6 Rue Ang\u00e8le Bettini del Rio, 31240 L&rsquo;Union Vous pouvez nous joindre au 09 53 25 29 53 ou encore avec cette adresse-mail : contact@cleartrade.fr","og_url":"https:\/\/www.cleartrade2.fr\/web\/onsappelle\/","og_site_name":"Agence Cleartrade","article_publisher":"https:\/\/www.facebook.com\/agencecleartrade","article_modified_time":"2023-03-13T14:06:01+00:00","og_image":[{"url":"https:\/\/www.cleartrade2.fr\/web\/wp-content\/uploads\/2022\/09\/cropped-NEW_LOGO_CLEARTRADE_2-300x218.png"}],"twitter_card":"summary_large_image","twitter_misc":{"Dur\u00e9e de lecture estim\u00e9e":"1 minute"},"schema":{"@context":"https:\/\/schema.org","@graph":[{"@type":"WebPage","@id":"https:\/\/www.cleartrade2.fr\/web\/onsappelle\/","url":"https:\/\/www.cleartrade2.fr\/web\/onsappelle\/","name":"Contact - Agence Cleartrade","isPartOf":{"@id":"https:\/\/www.cleartrade2.fr\/web\/#website"},"datePublished":"2018-10-10T15:49:18+00:00","dateModified":"2023-03-13T14:06:01+00:00","breadcrumb":{"@id":"https:\/\/www.cleartrade2.fr\/web\/onsappelle\/#breadcrumb"},"inLanguage":"fr-FR","potentialAction":[{"@type":"ReadAction","target":["https:\/\/www.cleartrade2.fr\/web\/onsappelle\/"]}]},{"@type":"BreadcrumbList","@id":"https:\/\/www.cleartrade2.fr\/web\/onsappelle\/#breadcrumb","itemListElement":[{"@type":"ListItem","position":1,"name":"Accueil","item":"https:\/\/www.cleartrade2.fr\/web\/"},{"@type":"ListItem","position":2,"name":"Contact"}]},{"@type":"WebSite","@id":"https:\/\/www.cleartrade2.fr\/web\/#website","url":"https:\/\/www.cleartrade2.fr\/web\/","name":"Agence Cleartrade","description":"Solutions Marketing","publisher":{"@id":"https:\/\/www.cleartrade2.fr\/web\/#organization"},"potentialAction":[{"@type":"SearchAction","target":{"@type":"EntryPoint","urlTemplate":"https:\/\/www.cleartrade2.fr\/web\/?s={search_term_string}"},"query-input":"required name=search_term_string"}],"inLanguage":"fr-FR"},{"@type":"Organization","@id":"https:\/\/www.cleartrade2.fr\/web\/#organization","name":"Agence Cleartrade","url":"https:\/\/www.cleartrade2.fr\/web\/","logo":{"@type":"ImageObject","inLanguage":"fr-FR","@id":"https:\/\/www.cleartrade2.fr\/web\/#\/schema\/logo\/image\/","url":"https:\/\/www.cleartrade2.fr\/web\/wp-content\/uploads\/2022\/09\/cropped-NEW_LOGO_CLEARTRADE_Plan-de-travail-1-1.png","contentUrl":"https:\/\/www.cleartrade2.fr\/web\/wp-content\/uploads\/2022\/09\/cropped-NEW_LOGO_CLEARTRADE_Plan-de-travail-1-1.png","width":4492,"height":1376,"caption":"Agence Cleartrade"},"image":{"@id":"https:\/\/www.cleartrade2.fr\/web\/#\/schema\/logo\/image\/"},"sameAs":["https:\/\/www.facebook.com\/agencecleartrade","https:\/\/www.linkedin.com\/company\/cleartrade"]}]}},"_links":{"self":[{"href":"https:\/\/www.cleartrade2.fr\/web\/wp-json\/wp\/v2\/pages\/4308"}],"collection":[{"href":"https:\/\/www.cleartrade2.fr\/web\/wp-json\/wp\/v2\/pages"}],"about":[{"href":"https:\/\/www.cleartrade2.fr\/web\/wp-json\/wp\/v2\/types\/page"}],"author":[{"embeddable":true,"href":"https:\/\/www.cleartrade2.fr\/web\/wp-json\/wp\/v2\/users\/1"}],"replies":[{"embeddable":true,"href":"https:\/\/www.cleartrade2.fr\/web\/wp-json\/wp\/v2\/comments?post=4308"}],"version-history":[{"count":21,"href":"https:\/\/www.cleartrade2.fr\/web\/wp-json\/wp\/v2\/pages\/4308\/revisions"}],"predecessor-version":[{"id":9443,"href":"https:\/\/www.cleartrade2.fr\/web\/wp-json\/wp\/v2\/pages\/4308\/revisions\/9443"}],"wp:attachment":[{"href":"https:\/\/www.cleartrade2.fr\/web\/wp-json\/wp\/v2\/media?parent=4308"}],"curies":[{"name":"wp","href":"https:\/\/api.w.org\/{rel}","templated":true}]}}